{"id":3188,"date":"2023-11-24T03:58:56","date_gmt":"2023-11-24T02:58:56","guid":{"rendered":"https:\/\/eldino.tn\/?post_type=product&#038;p=3188"},"modified":"2023-11-24T04:04:20","modified_gmt":"2023-11-24T03:04:20","slug":"moteur-rideau-central-si-axe-76-200kg","status":"publish","type":"product","link":"https:\/\/spcm.com.tn\/en\/product\/moteur-rideau-central-si-axe-76-200kg\/","title":{"rendered":"Central Motor For Rolling Shutters SI A76 200kg"},"content":{"rendered":"<p>Central Motor For Rolling Shutters SI A76 200KG 600W with electrobrake<\/p>\n<p class=\"translation-block\">The ELDINO central Motor For Rolling Shutters from the RAPTOR series is characterized by its reliability and robustness. It is designed for easy and convenient operation and it is available in different sizes and wattages to accommodate different weights and heights. With its smooth and silent movement, ELDINO RAPTOR ensures that your metal shutters operate efficiently to improve the security of your property or to enjoy the comfort of metal shutters. The motor is also easy to install and maintain, making it a practical solution for residential and commercial properties.<br>\nWith its reliability, durability and ease of use, ELDINO RAPTOR is the perfect choice for anyone looking for an efficient and functional metal shutter motor.<\/p>","protected":false},"excerpt":{"rendered":"<p>RAPTOR76200EF<\/p>","protected":false},"featured_media":3106,"template":"","meta":{"_kadence_starter_templates_imported_post":false,"_kad_post_transparent":"default","_kad_post_title":"","_kad_post_layout":"default","_kad_post_sidebar_id":"","_kad_post_content_style":"default","_kad_post_vertical_padding":"default","_kad_post_feature":"","_kad_post_feature_position":"","_kad_post_header":false,"_kad_post_footer":false},"product_brand":[],"product_cat":[22],"product_tag":[],"class_list":{"0":"post-3188","1":"product","2":"type-product","3":"status-publish","4":"has-post-thumbnail","6":"product_cat-motorisation-rideau-metallique","8":"first","9":"instock","10":"shipping-taxable","11":"product-type-simple","12":"entry","13":"content-bg","14":"loop-entry"},"yoast_head":"<!-- This site is optimized with the Yoast SEO plugin v26.9 - https:\/\/yoast.com\/product\/yoast-seo-wordpress\/ -->\n<title>Moteur rideau central SI Axe 76 200kg - SPCM<\/title>\n<meta name=\"description\" content=\"Le moteur de rideau m\u00e9tallique ELDINO de la s\u00e9rie RAPTOR, est caract\u00e9ris\u00e9 par sa fiabilit\u00e9 ,robustesse et son fonctionnement facile et pratique.\" \/>\n<meta name=\"robots\" content=\"index, follow, max-snippet:-1, max-image-preview:large, max-video-preview:-1\" \/>\n<link rel=\"canonical\" href=\"https:\/\/spcm.com.tn\/en\/product\/moteur-rideau-central-si-axe-76-200kg\/\" \/>\n<meta property=\"og:locale\" content=\"en_GB\" \/>\n<meta property=\"og:type\" content=\"article\" \/>\n<meta property=\"og:title\" content=\"Moteur rideau central SI Axe 76 200kg - SPCM\" \/>\n<meta property=\"og:description\" content=\"Le moteur de rideau m\u00e9tallique ELDINO de la s\u00e9rie RAPTOR, est caract\u00e9ris\u00e9 par sa fiabilit\u00e9 ,robustesse et son fonctionnement facile et pratique.\" \/>\n<meta property=\"og:url\" content=\"https:\/\/spcm.com.tn\/en\/product\/moteur-rideau-central-si-axe-76-200kg\/\" \/>\n<meta property=\"og:site_name\" content=\"SPCM\" \/>\n<meta property=\"article:publisher\" content=\"https:\/\/www.facebook.com\/profile.php?id=100091975544146\" \/>\n<meta property=\"article:modified_time\" content=\"2023-11-24T03:04:20+00:00\" \/>\n<meta property=\"og:image\" content=\"https:\/\/spcm.com.tn\/wp-content\/uploads\/2023\/02\/RAPTOR60200EF.jpg\" \/>\n\t<meta property=\"og:image:width\" content=\"1200\" \/>\n\t<meta property=\"og:image:height\" content=\"800\" \/>\n\t<meta property=\"og:image:type\" content=\"image\/jpeg\" \/>\n<meta name=\"twitter:card\" content=\"summary_large_image\" \/>\n<meta name=\"twitter:label1\" content=\"Estimated reading time\" \/>\n\t<meta name=\"twitter:data1\" content=\"1 minute\" \/>\n<script type=\"application\/ld+json\" class=\"yoast-schema-graph\">{\"@context\":\"https:\/\/schema.org\",\"@graph\":[{\"@type\":\"WebPage\",\"@id\":\"https:\/\/spcm.com.tn\/produit\/moteur-rideau-central-si-axe-76-200kg\/\",\"url\":\"https:\/\/spcm.com.tn\/produit\/moteur-rideau-central-si-axe-76-200kg\/\",\"name\":\"Moteur rideau central SI Axe 76 200kg - SPCM\",\"isPartOf\":{\"@id\":\"https:\/\/spcm.com.tn\/#website\"},\"primaryImageOfPage\":{\"@id\":\"https:\/\/spcm.com.tn\/produit\/moteur-rideau-central-si-axe-76-200kg\/#primaryimage\"},\"image\":{\"@id\":\"https:\/\/spcm.com.tn\/produit\/moteur-rideau-central-si-axe-76-200kg\/#primaryimage\"},\"thumbnailUrl\":\"https:\/\/spcm.com.tn\/wp-content\/uploads\/2023\/02\/RAPTOR60200EF.jpg\",\"datePublished\":\"2023-11-24T02:58:56+00:00\",\"dateModified\":\"2023-11-24T03:04:20+00:00\",\"description\":\"Le moteur de rideau m\u00e9tallique ELDINO de la s\u00e9rie RAPTOR, est caract\u00e9ris\u00e9 par sa fiabilit\u00e9 ,robustesse et son fonctionnement facile et pratique.\",\"breadcrumb\":{\"@id\":\"https:\/\/spcm.com.tn\/produit\/moteur-rideau-central-si-axe-76-200kg\/#breadcrumb\"},\"inLanguage\":\"en-GB\",\"potentialAction\":[{\"@type\":\"ReadAction\",\"target\":[\"https:\/\/spcm.com.tn\/produit\/moteur-rideau-central-si-axe-76-200kg\/\"]}]},{\"@type\":\"ImageObject\",\"inLanguage\":\"en-GB\",\"@id\":\"https:\/\/spcm.com.tn\/produit\/moteur-rideau-central-si-axe-76-200kg\/#primaryimage\",\"url\":\"https:\/\/spcm.com.tn\/wp-content\/uploads\/2023\/02\/RAPTOR60200EF.jpg\",\"contentUrl\":\"https:\/\/spcm.com.tn\/wp-content\/uploads\/2023\/02\/RAPTOR60200EF.jpg\",\"width\":1200,\"height\":800,\"caption\":\"moteur rideau central (central motor rolling shutter)\"},{\"@type\":\"BreadcrumbList\",\"@id\":\"https:\/\/spcm.com.tn\/produit\/moteur-rideau-central-si-axe-76-200kg\/#breadcrumb\",\"itemListElement\":[{\"@type\":\"ListItem\",\"position\":1,\"name\":\"Accueil\",\"item\":\"https:\/\/spcm.com.tn\/\"},{\"@type\":\"ListItem\",\"position\":2,\"name\":\"Produits\",\"item\":\"https:\/\/spcm.com.tn\/produits\/\"},{\"@type\":\"ListItem\",\"position\":3,\"name\":\"Moteur rideau central SI Axe 76 200kg\"}]},{\"@type\":\"WebSite\",\"@id\":\"https:\/\/spcm.com.tn\/#website\",\"url\":\"https:\/\/spcm.com.tn\/\",\"name\":\"SPCM\",\"description\":\"\",\"publisher\":{\"@id\":\"https:\/\/spcm.com.tn\/#organization\"},\"potentialAction\":[{\"@type\":\"SearchAction\",\"target\":{\"@type\":\"EntryPoint\",\"urlTemplate\":\"https:\/\/spcm.com.tn\/?s={search_term_string}\"},\"query-input\":{\"@type\":\"PropertyValueSpecification\",\"valueRequired\":true,\"valueName\":\"search_term_string\"}}],\"inLanguage\":\"en-GB\"},{\"@type\":\"Organization\",\"@id\":\"https:\/\/spcm.com.tn\/#organization\",\"name\":\"SPCM\",\"url\":\"https:\/\/spcm.com.tn\/\",\"logo\":{\"@type\":\"ImageObject\",\"inLanguage\":\"en-GB\",\"@id\":\"https:\/\/spcm.com.tn\/#\/schema\/logo\/image\/\",\"url\":\"https:\/\/spcm.com.tn\/wp-content\/uploads\/2024\/04\/cropped-LOGO-SPCM.png\",\"contentUrl\":\"https:\/\/spcm.com.tn\/wp-content\/uploads\/2024\/04\/cropped-LOGO-SPCM.png\",\"width\":1014,\"height\":218,\"caption\":\"SPCM\"},\"image\":{\"@id\":\"https:\/\/spcm.com.tn\/#\/schema\/logo\/image\/\"},\"sameAs\":[\"https:\/\/www.facebook.com\/profile.php?id=100091975544146\"]}]}<\/script>\n<!-- \/ Yoast SEO plugin. -->","yoast_head_json":{"title":"Moteur rideau central SI Axe 76 200kg - SPCM","description":"Le moteur de rideau m\u00e9tallique ELDINO de la s\u00e9rie RAPTOR, est caract\u00e9ris\u00e9 par sa fiabilit\u00e9 ,robustesse et son fonctionnement facile et pratique.","robots":{"index":"index","follow":"follow","max-snippet":"max-snippet:-1","max-image-preview":"max-image-preview:large","max-video-preview":"max-video-preview:-1"},"canonical":"https:\/\/spcm.com.tn\/en\/product\/moteur-rideau-central-si-axe-76-200kg\/","og_locale":"en_GB","og_type":"article","og_title":"Moteur rideau central SI Axe 76 200kg - SPCM","og_description":"Le moteur de rideau m\u00e9tallique ELDINO de la s\u00e9rie RAPTOR, est caract\u00e9ris\u00e9 par sa fiabilit\u00e9 ,robustesse et son fonctionnement facile et pratique.","og_url":"https:\/\/spcm.com.tn\/en\/product\/moteur-rideau-central-si-axe-76-200kg\/","og_site_name":"SPCM","article_publisher":"https:\/\/www.facebook.com\/profile.php?id=100091975544146","article_modified_time":"2023-11-24T03:04:20+00:00","og_image":[{"width":1200,"height":800,"url":"https:\/\/spcm.com.tn\/wp-content\/uploads\/2023\/02\/RAPTOR60200EF.jpg","type":"image\/jpeg"}],"twitter_card":"summary_large_image","twitter_misc":{"Estimated reading time":"1 minute"},"schema":{"@context":"https:\/\/schema.org","@graph":[{"@type":"WebPage","@id":"https:\/\/spcm.com.tn\/produit\/moteur-rideau-central-si-axe-76-200kg\/","url":"https:\/\/spcm.com.tn\/produit\/moteur-rideau-central-si-axe-76-200kg\/","name":"Moteur rideau central SI Axe 76 200kg - SPCM","isPartOf":{"@id":"https:\/\/spcm.com.tn\/#website"},"primaryImageOfPage":{"@id":"https:\/\/spcm.com.tn\/produit\/moteur-rideau-central-si-axe-76-200kg\/#primaryimage"},"image":{"@id":"https:\/\/spcm.com.tn\/produit\/moteur-rideau-central-si-axe-76-200kg\/#primaryimage"},"thumbnailUrl":"https:\/\/spcm.com.tn\/wp-content\/uploads\/2023\/02\/RAPTOR60200EF.jpg","datePublished":"2023-11-24T02:58:56+00:00","dateModified":"2023-11-24T03:04:20+00:00","description":"Le moteur de rideau m\u00e9tallique ELDINO de la s\u00e9rie RAPTOR, est caract\u00e9ris\u00e9 par sa fiabilit\u00e9 ,robustesse et son fonctionnement facile et pratique.","breadcrumb":{"@id":"https:\/\/spcm.com.tn\/produit\/moteur-rideau-central-si-axe-76-200kg\/#breadcrumb"},"inLanguage":"en-GB","potentialAction":[{"@type":"ReadAction","target":["https:\/\/spcm.com.tn\/produit\/moteur-rideau-central-si-axe-76-200kg\/"]}]},{"@type":"ImageObject","inLanguage":"en-GB","@id":"https:\/\/spcm.com.tn\/produit\/moteur-rideau-central-si-axe-76-200kg\/#primaryimage","url":"https:\/\/spcm.com.tn\/wp-content\/uploads\/2023\/02\/RAPTOR60200EF.jpg","contentUrl":"https:\/\/spcm.com.tn\/wp-content\/uploads\/2023\/02\/RAPTOR60200EF.jpg","width":1200,"height":800,"caption":"moteur rideau central (central motor rolling shutter)"},{"@type":"BreadcrumbList","@id":"https:\/\/spcm.com.tn\/produit\/moteur-rideau-central-si-axe-76-200kg\/#breadcrumb","itemListElement":[{"@type":"ListItem","position":1,"name":"Accueil","item":"https:\/\/spcm.com.tn\/"},{"@type":"ListItem","position":2,"name":"Produits","item":"https:\/\/spcm.com.tn\/produits\/"},{"@type":"ListItem","position":3,"name":"Moteur rideau central SI Axe 76 200kg"}]},{"@type":"WebSite","@id":"https:\/\/spcm.com.tn\/#website","url":"https:\/\/spcm.com.tn\/","name":"SPCM","description":"","publisher":{"@id":"https:\/\/spcm.com.tn\/#organization"},"potentialAction":[{"@type":"SearchAction","target":{"@type":"EntryPoint","urlTemplate":"https:\/\/spcm.com.tn\/?s={search_term_string}"},"query-input":{"@type":"PropertyValueSpecification","valueRequired":true,"valueName":"search_term_string"}}],"inLanguage":"en-GB"},{"@type":"Organization","@id":"https:\/\/spcm.com.tn\/#organization","name":"SPCM","url":"https:\/\/spcm.com.tn\/","logo":{"@type":"ImageObject","inLanguage":"en-GB","@id":"https:\/\/spcm.com.tn\/#\/schema\/logo\/image\/","url":"https:\/\/spcm.com.tn\/wp-content\/uploads\/2024\/04\/cropped-LOGO-SPCM.png","contentUrl":"https:\/\/spcm.com.tn\/wp-content\/uploads\/2024\/04\/cropped-LOGO-SPCM.png","width":1014,"height":218,"caption":"SPCM"},"image":{"@id":"https:\/\/spcm.com.tn\/#\/schema\/logo\/image\/"},"sameAs":["https:\/\/www.facebook.com\/profile.php?id=100091975544146"]}]}},"_links":{"self":[{"href":"https:\/\/spcm.com.tn\/en\/wp-json\/wp\/v2\/product\/3188","targetHints":{"allow":["GET"]}}],"collection":[{"href":"https:\/\/spcm.com.tn\/en\/wp-json\/wp\/v2\/product"}],"about":[{"href":"https:\/\/spcm.com.tn\/en\/wp-json\/wp\/v2\/types\/product"}],"wp:featuredmedia":[{"embeddable":true,"href":"https:\/\/spcm.com.tn\/en\/wp-json\/wp\/v2\/media\/3106"}],"wp:attachment":[{"href":"https:\/\/spcm.com.tn\/en\/wp-json\/wp\/v2\/media?parent=3188"}],"wp:term":[{"taxonomy":"product_brand","embeddable":true,"href":"https:\/\/spcm.com.tn\/en\/wp-json\/wp\/v2\/product_brand?post=3188"},{"taxonomy":"product_cat","embeddable":true,"href":"https:\/\/spcm.com.tn\/en\/wp-json\/wp\/v2\/product_cat?post=3188"},{"taxonomy":"product_tag","embeddable":true,"href":"https:\/\/spcm.com.tn\/en\/wp-json\/wp\/v2\/product_tag?post=3188"}],"curies":[{"name":"wp","href":"https:\/\/api.w.org\/{rel}","templated":true}]}}