{"id":2603,"date":"2023-02-26T18:51:31","date_gmt":"2023-02-26T17:51:31","guid":{"rendered":"http:\/\/localhost\/site_eldino7\/?post_type=product&#038;p=2603"},"modified":"2024-04-08T14:34:48","modified_gmt":"2024-04-08T12:34:48","slug":"boite-a-cle-pm","status":"publish","type":"product","link":"https:\/\/spcm.com.tn\/en\/product\/boite-a-cle-pm\/","title":{"rendered":"Key box with release PM"},"content":{"rendered":"<p>The key box with release PM controls the central motor for rolling shutters to allow the door to be opened and closed using a button. In addition, it is equipped with a handle to facilitate release in the event of a power outage. This solution is secure thanks to a door equipped with a european cylinder and two keys.<br \/>\nThis high-quality solution combines rugged design and durable components to ensure reliable performance and long life.<\/p>","protected":false},"excerpt":{"rendered":"<p>TYRANO01<\/p>","protected":false},"featured_media":3117,"template":"","meta":{"_kadence_starter_templates_imported_post":false,"_kad_post_transparent":"default","_kad_post_title":"","_kad_post_layout":"default","_kad_post_sidebar_id":"","_kad_post_content_style":"default","_kad_post_vertical_padding":"default","_kad_post_feature":"","_kad_post_feature_position":"","_kad_post_header":false,"_kad_post_footer":false},"product_brand":[],"product_cat":[22],"product_tag":[],"class_list":{"0":"post-2603","1":"product","2":"type-product","3":"status-publish","4":"has-post-thumbnail","6":"product_cat-motorisation-rideau-metallique","8":"first","9":"instock","10":"shipping-taxable","11":"product-type-simple","12":"entry","13":"content-bg","14":"loop-entry"},"yoast_head":"<!-- This site is optimized with the Yoast SEO plugin v26.9 - https:\/\/yoast.com\/product\/yoast-seo-wordpress\/ -->\n<title>Bo\u00eete \u00e0 cl\u00e9 avec d\u00e9brayage PM - SPCM<\/title>\n<meta name=\"description\" content=\"La bo\u00eete \u00e0 cl\u00e9 avec d\u00e9brayage PM contr\u00f4le le moteur du rideau pour permettre l&#039;ouverture et la fermeture de la porte \u00e0 l&#039;aide d&#039;un bouton.\" \/>\n<meta name=\"robots\" content=\"index, follow, max-snippet:-1, max-image-preview:large, max-video-preview:-1\" \/>\n<link rel=\"canonical\" href=\"https:\/\/spcm.com.tn\/en\/product\/boite-a-cle-pm\/\" \/>\n<meta property=\"og:locale\" content=\"en_GB\" \/>\n<meta property=\"og:type\" content=\"article\" \/>\n<meta property=\"og:title\" content=\"Bo\u00eete \u00e0 cl\u00e9 avec d\u00e9brayage PM - SPCM\" \/>\n<meta property=\"og:description\" content=\"La bo\u00eete \u00e0 cl\u00e9 avec d\u00e9brayage PM contr\u00f4le le moteur du rideau pour permettre l&#039;ouverture et la fermeture de la porte \u00e0 l&#039;aide d&#039;un bouton.\" \/>\n<meta property=\"og:url\" content=\"https:\/\/spcm.com.tn\/en\/product\/boite-a-cle-pm\/\" \/>\n<meta property=\"og:site_name\" content=\"SPCM\" \/>\n<meta property=\"article:publisher\" content=\"https:\/\/www.facebook.com\/profile.php?id=100091975544146\" \/>\n<meta property=\"article:modified_time\" content=\"2024-04-08T12:34:48+00:00\" \/>\n<meta property=\"og:image\" content=\"https:\/\/spcm.com.tn\/wp-content\/uploads\/2023\/02\/boite-pm-2.jpg\" \/>\n\t<meta property=\"og:image:width\" content=\"1200\" \/>\n\t<meta property=\"og:image:height\" content=\"800\" \/>\n\t<meta property=\"og:image:type\" content=\"image\/jpeg\" \/>\n<meta name=\"twitter:card\" content=\"summary_large_image\" \/>\n<meta name=\"twitter:label1\" content=\"Estimated reading time\" \/>\n\t<meta name=\"twitter:data1\" content=\"1 minute\" \/>\n<script type=\"application\/ld+json\" class=\"yoast-schema-graph\">{\"@context\":\"https:\/\/schema.org\",\"@graph\":[{\"@type\":\"WebPage\",\"@id\":\"https:\/\/spcm.com.tn\/produit\/boite-a-cle-pm\/\",\"url\":\"https:\/\/spcm.com.tn\/produit\/boite-a-cle-pm\/\",\"name\":\"Bo\u00eete \u00e0 cl\u00e9 avec d\u00e9brayage PM - SPCM\",\"isPartOf\":{\"@id\":\"https:\/\/spcm.com.tn\/#website\"},\"primaryImageOfPage\":{\"@id\":\"https:\/\/spcm.com.tn\/produit\/boite-a-cle-pm\/#primaryimage\"},\"image\":{\"@id\":\"https:\/\/spcm.com.tn\/produit\/boite-a-cle-pm\/#primaryimage\"},\"thumbnailUrl\":\"https:\/\/spcm.com.tn\/wp-content\/uploads\/2023\/02\/boite-pm-2.jpg\",\"datePublished\":\"2023-02-26T17:51:31+00:00\",\"dateModified\":\"2024-04-08T12:34:48+00:00\",\"description\":\"La bo\u00eete \u00e0 cl\u00e9 avec d\u00e9brayage PM contr\u00f4le le moteur du rideau pour permettre l'ouverture et la fermeture de la porte \u00e0 l'aide d'un bouton.\",\"breadcrumb\":{\"@id\":\"https:\/\/spcm.com.tn\/produit\/boite-a-cle-pm\/#breadcrumb\"},\"inLanguage\":\"en-GB\",\"potentialAction\":[{\"@type\":\"ReadAction\",\"target\":[\"https:\/\/spcm.com.tn\/produit\/boite-a-cle-pm\/\"]}]},{\"@type\":\"ImageObject\",\"inLanguage\":\"en-GB\",\"@id\":\"https:\/\/spcm.com.tn\/produit\/boite-a-cle-pm\/#primaryimage\",\"url\":\"https:\/\/spcm.com.tn\/wp-content\/uploads\/2023\/02\/boite-pm-2.jpg\",\"contentUrl\":\"https:\/\/spcm.com.tn\/wp-content\/uploads\/2023\/02\/boite-pm-2.jpg\",\"width\":1200,\"height\":800,\"caption\":\"Bo\u00eete \u00e0 cl\u00e9 avec d\u00e9brayage PM ( key selector )\"},{\"@type\":\"BreadcrumbList\",\"@id\":\"https:\/\/spcm.com.tn\/produit\/boite-a-cle-pm\/#breadcrumb\",\"itemListElement\":[{\"@type\":\"ListItem\",\"position\":1,\"name\":\"Accueil\",\"item\":\"https:\/\/spcm.com.tn\/\"},{\"@type\":\"ListItem\",\"position\":2,\"name\":\"Produits\",\"item\":\"https:\/\/spcm.com.tn\/produits\/\"},{\"@type\":\"ListItem\",\"position\":3,\"name\":\"Bo\u00eete \u00e0 cl\u00e9 avec d\u00e9brayage PM\"}]},{\"@type\":\"WebSite\",\"@id\":\"https:\/\/spcm.com.tn\/#website\",\"url\":\"https:\/\/spcm.com.tn\/\",\"name\":\"SPCM\",\"description\":\"\",\"publisher\":{\"@id\":\"https:\/\/spcm.com.tn\/#organization\"},\"potentialAction\":[{\"@type\":\"SearchAction\",\"target\":{\"@type\":\"EntryPoint\",\"urlTemplate\":\"https:\/\/spcm.com.tn\/?s={search_term_string}\"},\"query-input\":{\"@type\":\"PropertyValueSpecification\",\"valueRequired\":true,\"valueName\":\"search_term_string\"}}],\"inLanguage\":\"en-GB\"},{\"@type\":\"Organization\",\"@id\":\"https:\/\/spcm.com.tn\/#organization\",\"name\":\"SPCM\",\"url\":\"https:\/\/spcm.com.tn\/\",\"logo\":{\"@type\":\"ImageObject\",\"inLanguage\":\"en-GB\",\"@id\":\"https:\/\/spcm.com.tn\/#\/schema\/logo\/image\/\",\"url\":\"https:\/\/spcm.com.tn\/wp-content\/uploads\/2024\/04\/cropped-LOGO-SPCM.png\",\"contentUrl\":\"https:\/\/spcm.com.tn\/wp-content\/uploads\/2024\/04\/cropped-LOGO-SPCM.png\",\"width\":1014,\"height\":218,\"caption\":\"SPCM\"},\"image\":{\"@id\":\"https:\/\/spcm.com.tn\/#\/schema\/logo\/image\/\"},\"sameAs\":[\"https:\/\/www.facebook.com\/profile.php?id=100091975544146\"]}]}<\/script>\n<!-- \/ Yoast SEO plugin. -->","yoast_head_json":{"title":"Bo\u00eete \u00e0 cl\u00e9 avec d\u00e9brayage PM - SPCM","description":"La bo\u00eete \u00e0 cl\u00e9 avec d\u00e9brayage PM contr\u00f4le le moteur du rideau pour permettre l'ouverture et la fermeture de la porte \u00e0 l'aide d'un bouton.","robots":{"index":"index","follow":"follow","max-snippet":"max-snippet:-1","max-image-preview":"max-image-preview:large","max-video-preview":"max-video-preview:-1"},"canonical":"https:\/\/spcm.com.tn\/en\/product\/boite-a-cle-pm\/","og_locale":"en_GB","og_type":"article","og_title":"Bo\u00eete \u00e0 cl\u00e9 avec d\u00e9brayage PM - SPCM","og_description":"La bo\u00eete \u00e0 cl\u00e9 avec d\u00e9brayage PM contr\u00f4le le moteur du rideau pour permettre l'ouverture et la fermeture de la porte \u00e0 l'aide d'un bouton.","og_url":"https:\/\/spcm.com.tn\/en\/product\/boite-a-cle-pm\/","og_site_name":"SPCM","article_publisher":"https:\/\/www.facebook.com\/profile.php?id=100091975544146","article_modified_time":"2024-04-08T12:34:48+00:00","og_image":[{"width":1200,"height":800,"url":"https:\/\/spcm.com.tn\/wp-content\/uploads\/2023\/02\/boite-pm-2.jpg","type":"image\/jpeg"}],"twitter_card":"summary_large_image","twitter_misc":{"Estimated reading time":"1 minute"},"schema":{"@context":"https:\/\/schema.org","@graph":[{"@type":"WebPage","@id":"https:\/\/spcm.com.tn\/produit\/boite-a-cle-pm\/","url":"https:\/\/spcm.com.tn\/produit\/boite-a-cle-pm\/","name":"Bo\u00eete \u00e0 cl\u00e9 avec d\u00e9brayage PM - SPCM","isPartOf":{"@id":"https:\/\/spcm.com.tn\/#website"},"primaryImageOfPage":{"@id":"https:\/\/spcm.com.tn\/produit\/boite-a-cle-pm\/#primaryimage"},"image":{"@id":"https:\/\/spcm.com.tn\/produit\/boite-a-cle-pm\/#primaryimage"},"thumbnailUrl":"https:\/\/spcm.com.tn\/wp-content\/uploads\/2023\/02\/boite-pm-2.jpg","datePublished":"2023-02-26T17:51:31+00:00","dateModified":"2024-04-08T12:34:48+00:00","description":"La bo\u00eete \u00e0 cl\u00e9 avec d\u00e9brayage PM contr\u00f4le le moteur du rideau pour permettre l'ouverture et la fermeture de la porte \u00e0 l'aide d'un bouton.","breadcrumb":{"@id":"https:\/\/spcm.com.tn\/produit\/boite-a-cle-pm\/#breadcrumb"},"inLanguage":"en-GB","potentialAction":[{"@type":"ReadAction","target":["https:\/\/spcm.com.tn\/produit\/boite-a-cle-pm\/"]}]},{"@type":"ImageObject","inLanguage":"en-GB","@id":"https:\/\/spcm.com.tn\/produit\/boite-a-cle-pm\/#primaryimage","url":"https:\/\/spcm.com.tn\/wp-content\/uploads\/2023\/02\/boite-pm-2.jpg","contentUrl":"https:\/\/spcm.com.tn\/wp-content\/uploads\/2023\/02\/boite-pm-2.jpg","width":1200,"height":800,"caption":"Bo\u00eete \u00e0 cl\u00e9 avec d\u00e9brayage PM ( key selector )"},{"@type":"BreadcrumbList","@id":"https:\/\/spcm.com.tn\/produit\/boite-a-cle-pm\/#breadcrumb","itemListElement":[{"@type":"ListItem","position":1,"name":"Accueil","item":"https:\/\/spcm.com.tn\/"},{"@type":"ListItem","position":2,"name":"Produits","item":"https:\/\/spcm.com.tn\/produits\/"},{"@type":"ListItem","position":3,"name":"Bo\u00eete \u00e0 cl\u00e9 avec d\u00e9brayage PM"}]},{"@type":"WebSite","@id":"https:\/\/spcm.com.tn\/#website","url":"https:\/\/spcm.com.tn\/","name":"SPCM","description":"","publisher":{"@id":"https:\/\/spcm.com.tn\/#organization"},"potentialAction":[{"@type":"SearchAction","target":{"@type":"EntryPoint","urlTemplate":"https:\/\/spcm.com.tn\/?s={search_term_string}"},"query-input":{"@type":"PropertyValueSpecification","valueRequired":true,"valueName":"search_term_string"}}],"inLanguage":"en-GB"},{"@type":"Organization","@id":"https:\/\/spcm.com.tn\/#organization","name":"SPCM","url":"https:\/\/spcm.com.tn\/","logo":{"@type":"ImageObject","inLanguage":"en-GB","@id":"https:\/\/spcm.com.tn\/#\/schema\/logo\/image\/","url":"https:\/\/spcm.com.tn\/wp-content\/uploads\/2024\/04\/cropped-LOGO-SPCM.png","contentUrl":"https:\/\/spcm.com.tn\/wp-content\/uploads\/2024\/04\/cropped-LOGO-SPCM.png","width":1014,"height":218,"caption":"SPCM"},"image":{"@id":"https:\/\/spcm.com.tn\/#\/schema\/logo\/image\/"},"sameAs":["https:\/\/www.facebook.com\/profile.php?id=100091975544146"]}]}},"_links":{"self":[{"href":"https:\/\/spcm.com.tn\/en\/wp-json\/wp\/v2\/product\/2603","targetHints":{"allow":["GET"]}}],"collection":[{"href":"https:\/\/spcm.com.tn\/en\/wp-json\/wp\/v2\/product"}],"about":[{"href":"https:\/\/spcm.com.tn\/en\/wp-json\/wp\/v2\/types\/product"}],"wp:featuredmedia":[{"embeddable":true,"href":"https:\/\/spcm.com.tn\/en\/wp-json\/wp\/v2\/media\/3117"}],"wp:attachment":[{"href":"https:\/\/spcm.com.tn\/en\/wp-json\/wp\/v2\/media?parent=2603"}],"wp:term":[{"taxonomy":"product_brand","embeddable":true,"href":"https:\/\/spcm.com.tn\/en\/wp-json\/wp\/v2\/product_brand?post=2603"},{"taxonomy":"product_cat","embeddable":true,"href":"https:\/\/spcm.com.tn\/en\/wp-json\/wp\/v2\/product_cat?post=2603"},{"taxonomy":"product_tag","embeddable":true,"href":"https:\/\/spcm.com.tn\/en\/wp-json\/wp\/v2\/product_tag?post=2603"}],"curies":[{"name":"wp","href":"https:\/\/api.w.org\/{rel}","templated":true}]}}